{"id":7,"date":"2011-10-31T15:14:47","date_gmt":"2011-10-31T19:14:47","guid":{"rendered":"http:\/\/www.cameleonv2.dev\/?page_id=7"},"modified":"2021-11-16T08:44:42","modified_gmt":"2021-11-16T13:44:42","slug":"accuei","status":"publish","type":"page","link":"https:\/\/www.veroniquespa.com\/en\/","title":{"rendered":"Home"},"content":{"rendered":"<h1>A spa experience at the heart of your village for over 25 years! Our mission is to offer personalized services that meet your expectations.<\/h1>\n<p><b>At Centre de Beaut\u00e9 V\u00e9ronique Coiffure &amp; Spa, you\u2019ll find a team of exceptional professionals who do their best to make each visit as enjoyable as possible<\/b>.Whether you come in for a simple manicure, shampoo, styling session, hot stone massage, or one of our specialized facial treatments like Microdermabrasion, you\u2019ll benefit from a relaxing experience. Our Nelly de Vuyst method-certified aestheticians have undergone paramedical training, and will adapt the facial treatment that best suits you. Our experts focus on corrective techniques suited to your needs and skin type. Results, guaranteed!All our treatments give you the opportunity to relax. It goes without saying that our deepest desire is to provide you with total satisfaction, as well as a moment of peace and respite. As one of our clients, you\u2019re our first source of inspiration and all our efforts are focused on our ultimate goal, <b>which is to exceed your expectations!<\/b>The key to our success: effective communication among our different staff members, and a passionate team that always strives for perfection.<\/p>\n<p style=\"text-align: center;\"><a class=\"promobutton\" href=\"https:\/\/www.facebook.com\/veroniquespa\/\" target=\"_blank\" rel=\"noopener\">Click here and like us <span style=\"font-size: 1.5em;\">\ud83d\udc4d<\/span> on our Facebook page <span style=\"display: inline-block; background: #3b5998; color: #fff; padding: 3px 6px; border-radius: 4px; font-weight: bold; font-size: 1.5em;\">f<\/span> to find out more about our promotions<\/a><\/p>\n<div class=\"wistia_responsive_padding\" style=\"padding: 56.25% 0 0 0; position: relative;\">\n<div class=\"wistia_responsive_wrapper\" style=\"height: 100%; left: 0; position: absolute; top: 0; width: 100%;\"><iframe loading=\"lazy\" class=\"wistia_embed\" title=\"Wistia video player\" src=\"\/\/fast.wistia.net\/embed\/iframe\/ikwh6r4ooz?videoFoam=true\" name=\"wistia_embed\" width=\"100%\" height=\"100%\" frameborder=\"0\" scrolling=\"no\" allowfullscreen=\"allowfullscreen\"><\/iframe><\/div>\n<\/div>\n<p><script src=\"\/\/fast.wistia.net\/assets\/external\/E-v1.js\" async><\/script><\/p>\n","protected":false},"excerpt":{"rendered":"<p>A spa experience at the heart of your village for over 25 years! Our mission is to offer personalized services that meet your expectations. At Centre de Beaut\u00e9 V\u00e9ronique Coiffure &amp; Spa, you\u2019ll find a team of exceptional professionals who<span class=\"ellipsis\">&hellip;<\/span><\/p>\n<div class=\"read-more\"><a href=\"https:\/\/www.veroniquespa.com\/en\/\">Read more &#8250;<\/a><\/div>\n<p><!-- end of .read-more --><\/p>\n","protected":false},"author":8,"featured_media":0,"parent":0,"menu_order":0,"comment_status":"closed","ping_status":"closed","template":"","meta":{"footnotes":""},"class_list":["post-7","page","type-page","status-publish","hentry"],"yoast_head":"<!-- This site is optimized with the Yoast SEO plugin v27.4 - https:\/\/yoast.com\/product\/yoast-seo-wordpress\/ -->\n<title>Salon d&#039;esth\u00e9tique \u00e0 Hudson | Centre de beaut\u00e9 V\u00e9ronique<\/title>\n<meta name=\"description\" content=\"Situ\u00e9 dans le magnifique village champ\u00eatre de Hudson, nous vous offrons une panoplie de services de sant\u00e9-beaut\u00e9 et relaxation sous un m\u00eame toit.\" \/>\n<meta name=\"robots\" content=\"index, follow, max-snippet:-1, max-image-preview:large, max-video-preview:-1\" \/>\n<link rel=\"canonical\" href=\"https:\/\/www.veroniquespa.com\/en\/\" \/>\n<meta property=\"og:locale\" content=\"en_US\" \/>\n<meta property=\"og:type\" content=\"article\" \/>\n<meta property=\"og:title\" content=\"Salon d&#039;esth\u00e9tique \u00e0 Hudson | Centre de beaut\u00e9 V\u00e9ronique\" \/>\n<meta property=\"og:description\" content=\"Situ\u00e9 dans le magnifique village champ\u00eatre de Hudson, nous vous offrons une panoplie de services de sant\u00e9-beaut\u00e9 et relaxation sous un m\u00eame toit.\" \/>\n<meta property=\"og:url\" content=\"https:\/\/www.veroniquespa.com\/en\/\" \/>\n<meta property=\"og:site_name\" content=\"Centre de beaut\u00e9 V\u00e9ronique\" \/>\n<meta property=\"article:modified_time\" content=\"2021-11-16T13:44:42+00:00\" \/>\n<meta name=\"twitter:label1\" content=\"Est. reading time\" \/>\n\t<meta name=\"twitter:data1\" content=\"1 minute\" \/>\n<script type=\"application\/ld+json\" class=\"yoast-schema-graph\">{\"@context\":\"https:\\\/\\\/schema.org\",\"@graph\":[{\"@type\":\"WebPage\",\"@id\":\"https:\\\/\\\/www.veroniquespa.com\\\/en\\\/\",\"url\":\"https:\\\/\\\/www.veroniquespa.com\\\/en\\\/\",\"name\":\"Salon d'esth\u00e9tique \u00e0 Hudson | Centre de beaut\u00e9 V\u00e9ronique\",\"isPartOf\":{\"@id\":\"https:\\\/\\\/www.veroniquespa.com\\\/en\\\/#website\"},\"datePublished\":\"2011-10-31T19:14:47+00:00\",\"dateModified\":\"2021-11-16T13:44:42+00:00\",\"description\":\"Situ\u00e9 dans le magnifique village champ\u00eatre de Hudson, nous vous offrons une panoplie de services de sant\u00e9-beaut\u00e9 et relaxation sous un m\u00eame toit.\",\"breadcrumb\":{\"@id\":\"https:\\\/\\\/www.veroniquespa.com\\\/en\\\/#breadcrumb\"},\"inLanguage\":\"en-US\",\"potentialAction\":[{\"@type\":\"ReadAction\",\"target\":[\"https:\\\/\\\/www.veroniquespa.com\\\/en\\\/\"]}]},{\"@type\":\"BreadcrumbList\",\"@id\":\"https:\\\/\\\/www.veroniquespa.com\\\/en\\\/#breadcrumb\",\"itemListElement\":[{\"@type\":\"ListItem\",\"position\":1,\"name\":\"Home\",\"item\":\"https:\\\/\\\/www.veroniquespa.com\\\/en\\\/\"},{\"@type\":\"ListItem\",\"position\":2,\"name\":\"Home\"}]},{\"@type\":\"WebSite\",\"@id\":\"https:\\\/\\\/www.veroniquespa.com\\\/en\\\/#website\",\"url\":\"https:\\\/\\\/www.veroniquespa.com\\\/en\\\/\",\"name\":\"Centre de beaut\u00e9 V\u00e9ronique\",\"description\":\"\",\"potentialAction\":[{\"@type\":\"SearchAction\",\"target\":{\"@type\":\"EntryPoint\",\"urlTemplate\":\"https:\\\/\\\/www.veroniquespa.com\\\/en\\\/?s={search_term_string}\"},\"query-input\":{\"@type\":\"PropertyValueSpecification\",\"valueRequired\":true,\"valueName\":\"search_term_string\"}}],\"inLanguage\":\"en-US\"}]}<\/script>\n<!-- \/ Yoast SEO plugin. -->","yoast_head_json":{"title":"Salon d'esth\u00e9tique \u00e0 Hudson | Centre de beaut\u00e9 V\u00e9ronique","description":"Situ\u00e9 dans le magnifique village champ\u00eatre de Hudson, nous vous offrons une panoplie de services de sant\u00e9-beaut\u00e9 et relaxation sous un m\u00eame toit.","robots":{"index":"index","follow":"follow","max-snippet":"max-snippet:-1","max-image-preview":"max-image-preview:large","max-video-preview":"max-video-preview:-1"},"canonical":"https:\/\/www.veroniquespa.com\/en\/","og_locale":"en_US","og_type":"article","og_title":"Salon d'esth\u00e9tique \u00e0 Hudson | Centre de beaut\u00e9 V\u00e9ronique","og_description":"Situ\u00e9 dans le magnifique village champ\u00eatre de Hudson, nous vous offrons une panoplie de services de sant\u00e9-beaut\u00e9 et relaxation sous un m\u00eame toit.","og_url":"https:\/\/www.veroniquespa.com\/en\/","og_site_name":"Centre de beaut\u00e9 V\u00e9ronique","article_modified_time":"2021-11-16T13:44:42+00:00","twitter_misc":{"Est. reading time":"1 minute"},"schema":{"@context":"https:\/\/schema.org","@graph":[{"@type":"WebPage","@id":"https:\/\/www.veroniquespa.com\/en\/","url":"https:\/\/www.veroniquespa.com\/en\/","name":"Salon d'esth\u00e9tique \u00e0 Hudson | Centre de beaut\u00e9 V\u00e9ronique","isPartOf":{"@id":"https:\/\/www.veroniquespa.com\/en\/#website"},"datePublished":"2011-10-31T19:14:47+00:00","dateModified":"2021-11-16T13:44:42+00:00","description":"Situ\u00e9 dans le magnifique village champ\u00eatre de Hudson, nous vous offrons une panoplie de services de sant\u00e9-beaut\u00e9 et relaxation sous un m\u00eame toit.","breadcrumb":{"@id":"https:\/\/www.veroniquespa.com\/en\/#breadcrumb"},"inLanguage":"en-US","potentialAction":[{"@type":"ReadAction","target":["https:\/\/www.veroniquespa.com\/en\/"]}]},{"@type":"BreadcrumbList","@id":"https:\/\/www.veroniquespa.com\/en\/#breadcrumb","itemListElement":[{"@type":"ListItem","position":1,"name":"Home","item":"https:\/\/www.veroniquespa.com\/en\/"},{"@type":"ListItem","position":2,"name":"Home"}]},{"@type":"WebSite","@id":"https:\/\/www.veroniquespa.com\/en\/#website","url":"https:\/\/www.veroniquespa.com\/en\/","name":"Centre de beaut\u00e9 V\u00e9ronique","description":"","potentialAction":[{"@type":"SearchAction","target":{"@type":"EntryPoint","urlTemplate":"https:\/\/www.veroniquespa.com\/en\/?s={search_term_string}"},"query-input":{"@type":"PropertyValueSpecification","valueRequired":true,"valueName":"search_term_string"}}],"inLanguage":"en-US"}]}},"_links":{"self":[{"href":"https:\/\/www.veroniquespa.com\/en\/wp-json\/wp\/v2\/pages\/7","targetHints":{"allow":["GET"]}}],"collection":[{"href":"https:\/\/www.veroniquespa.com\/en\/wp-json\/wp\/v2\/pages"}],"about":[{"href":"https:\/\/www.veroniquespa.com\/en\/wp-json\/wp\/v2\/types\/page"}],"author":[{"embeddable":true,"href":"https:\/\/www.veroniquespa.com\/en\/wp-json\/wp\/v2\/users\/8"}],"replies":[{"embeddable":true,"href":"https:\/\/www.veroniquespa.com\/en\/wp-json\/wp\/v2\/comments?post=7"}],"version-history":[{"count":16,"href":"https:\/\/www.veroniquespa.com\/en\/wp-json\/wp\/v2\/pages\/7\/revisions"}],"predecessor-version":[{"id":2977,"href":"https:\/\/www.veroniquespa.com\/en\/wp-json\/wp\/v2\/pages\/7\/revisions\/2977"}],"wp:attachment":[{"href":"https:\/\/www.veroniquespa.com\/en\/wp-json\/wp\/v2\/media?parent=7"}],"curies":[{"name":"wp","href":"https:\/\/api.w.org\/{rel}","templated":true}]}}